{"id":641,"date":"2025-05-15T13:13:37","date_gmt":"2025-05-15T16:13:37","guid":{"rendered":"https:\/\/canaldedenuncias.usach.cl\/?page_id=641"},"modified":"2025-08-04T16:52:58","modified_gmt":"2025-08-04T19:52:58","slug":"acerca-de","status":"publish","type":"page","link":"https:\/\/canaldedenuncias.usach.cl\/index.php\/acerca-de\/","title":{"rendered":"Acerca de"},"content":{"rendered":"\t\t<div data-elementor-type=\"wp-post\" data-elementor-id=\"641\" class=\"elementor elementor-641\">\n\t\t\t\t<div class=\"elementor-element elementor-element-6a7ba52 e-flex e-con-boxed e-con e-parent\" data-id=\"6a7ba52\" data-element_type=\"container\">\n\t\t\t\t\t<div class=\"e-con-inner\">\n\t\t<div class=\"elementor-element elementor-element-1bf787b e-con-full e-flex e-con e-child\" data-id=\"1bf787b\" data-element_type=\"container\">\n\t\t\t\t<div class=\"elementor-element elementor-element-79c5e61 elementor-hidden-mobile elementor-widget elementor-widget-image\" data-id=\"79c5e61\" data-element_type=\"widget\" data-widget_type=\"image.default\">\n\t\t\t\t<div class=\"elementor-widget-container\">\n\t\t\t\t\t\t\t\t\t\t\t\t\t\t\t<img fetchpriority=\"high\" decoding=\"async\" width=\"1024\" height=\"362\" src=\"https:\/\/canaldedenuncias.usach.cl\/wp-content\/uploads\/2025\/05\/fondo-10-04-04.png\" class=\"attachment-large size-large wp-image-794\" alt=\"\" \/>\t\t\t\t\t\t\t\t\t\t\t\t\t\t\t<\/div>\n\t\t\t\t<\/div>\n\t\t\t\t<\/div>\n\t\t<div class=\"elementor-element elementor-element-1653b2e e-con-full e-flex e-con e-child\" data-id=\"1653b2e\" data-element_type=\"container\">\n\t\t\t\t<div class=\"elementor-element elementor-element-00eb46d elementor-widget elementor-widget-heading\" data-id=\"00eb46d\" data-element_type=\"widget\" data-widget_type=\"heading.default\">\n\t\t\t\t<div class=\"elementor-widget-container\">\n\t\t\t\t\t<h2 class=\"elementor-heading-title elementor-size-default\">Acerca del <br>Canal de Denuncias\u200b<\/h2>\t\t\t\t<\/div>\n\t\t\t\t<\/div>\n\t\t\t\t<div class=\"elementor-element elementor-element-52ceca8 elementor-hidden-desktop elementor-hidden-tablet elementor-widget elementor-widget-image\" data-id=\"52ceca8\" data-element_type=\"widget\" data-widget_type=\"image.default\">\n\t\t\t\t<div class=\"elementor-widget-container\">\n\t\t\t\t\t\t\t\t\t\t\t\t\t\t\t<img fetchpriority=\"high\" decoding=\"async\" width=\"1024\" height=\"362\" src=\"https:\/\/canaldedenuncias.usach.cl\/wp-content\/uploads\/2025\/05\/fondo-10-04-04.png\" class=\"attachment-large size-large wp-image-794\" alt=\"\" \/>\t\t\t\t\t\t\t\t\t\t\t\t\t\t\t<\/div>\n\t\t\t\t<\/div>\n\t\t\t\t<\/div>\n\t\t\t\t\t<\/div>\n\t\t\t\t<\/div>\n\t\t<div class=\"elementor-element elementor-element-9869e0e e-flex e-con-boxed e-con e-parent\" data-id=\"9869e0e\" data-element_type=\"container\">\n\t\t\t\t\t<div class=\"e-con-inner\">\n\t\t<div class=\"elementor-element elementor-element-b9f14cc e-con-full e-flex e-con e-child\" data-id=\"b9f14cc\" data-element_type=\"container\">\n\t\t\t\t<div class=\"elementor-element elementor-element-28fb0f8 elementor-widget elementor-widget-image\" data-id=\"28fb0f8\" data-element_type=\"widget\" data-widget_type=\"image.default\">\n\t\t\t\t<div class=\"elementor-widget-container\">\n\t\t\t\t\t\t\t\t\t\t\t\t\t\t\t<img decoding=\"async\" width=\"1024\" height=\"314\" src=\"https:\/\/canaldedenuncias.usach.cl\/wp-content\/uploads\/2025\/05\/logo-cdd.png\" class=\"attachment-large size-large wp-image-12\" alt=\"\" \/>\t\t\t\t\t\t\t\t\t\t\t\t\t\t\t<\/div>\n\t\t\t\t<\/div>\n\t\t\t\t<\/div>\n\t\t<div class=\"elementor-element elementor-element-7a7f112 e-con-full e-flex e-con e-child\" data-id=\"7a7f112\" data-element_type=\"container\">\n\t\t\t\t<div class=\"elementor-element elementor-element-a0332e8 elementor-widget elementor-widget-text-editor\" data-id=\"a0332e8\" data-element_type=\"widget\" data-widget_type=\"text-editor.default\">\n\t\t\t\t<div class=\"elementor-widget-container\">\n\t\t\t\t\t\t\t\t\t<div style=\"text-align: justify;\">\n    Este espacio est\u00e1 disponible para que estudiantes, funcionarios\/as, acad\u00e9micos\/as y cualquier integrante de la comunidad universitaria pueda reportar situaciones que requieran atenci\u00f3n institucional.<br><br>\n\n    Puedes utilizar este espacio para <b>realizar denuncias, reclamos, sugerencias o comentarios<\/b>, incluyendo temas como acoso laboral o sexual, violencia, discriminaci\u00f3n, problemas administrativos u otras situaciones que afecten el bienestar dentro de la Universidad.<br><br>\n\n    Si no sabes exactamente a qui\u00e9n dirigir tu mensaje, <b>no te preocupes<\/b>: la informaci\u00f3n ser\u00e1 derivada de forma <b>segura y confidencial<\/b> al equipo o unidad correspondiente. Lo importante es que tu voz sea escuchada y tu mensaje gestionado con <b>respeto, cuidado y compromiso institucional<\/b>.<br><br>\n\n    Este espacio no reemplaza los canales formales de atenci\u00f3n o procedimiento, pero <b>complementa<\/b> las v\u00edas institucionales, facilitando un acceso m\u00e1s directo y seguro a los mecanismos de orientaci\u00f3n, apoyo y resoluci\u00f3n.\n<\/div>\n\t\t\t\t\t\t\t\t<\/div>\n\t\t\t\t<\/div>\n\t\t\t\t<\/div>\n\t\t\t\t\t<\/div>\n\t\t\t\t<\/div>\n\t\t<div class=\"elementor-element elementor-element-dfaa67b e-flex e-con-boxed e-con e-parent\" data-id=\"dfaa67b\" data-element_type=\"container\" data-settings=\"{&quot;background_background&quot;:&quot;classic&quot;}\">\n\t\t\t\t\t<div class=\"e-con-inner\">\n\t\t<div class=\"elementor-element elementor-element-07eca17 e-con-full e-flex e-con e-child\" data-id=\"07eca17\" data-element_type=\"container\">\n\t\t\t\t<div class=\"elementor-element elementor-element-11183de elementor-widget elementor-widget-image\" data-id=\"11183de\" data-element_type=\"widget\" data-widget_type=\"image.default\">\n\t\t\t\t<div class=\"elementor-widget-container\">\n\t\t\t\t\t\t\t\t\t\t\t\t\t\t\t\t<a href=\"https:\/\/www.usach.cl\/\" target=\"_blank\">\n\t\t\t\t\t\t\t<img decoding=\"async\" src=\"https:\/\/canaldedenuncias.usach.cl\/wp-content\/uploads\/2025\/05\/Usach-SB.png\" title=\"Usach SB\" alt=\"Usach SB\" loading=\"lazy\" \/>\t\t\t\t\t\t\t\t<\/a>\n\t\t\t\t\t\t\t\t\t\t\t\t\t\t\t<\/div>\n\t\t\t\t<\/div>\n\t\t\t\t<div class=\"elementor-element elementor-element-6eae0fc elementor-widget elementor-widget-image\" data-id=\"6eae0fc\" data-element_type=\"widget\" data-widget_type=\"image.default\">\n\t\t\t\t<div class=\"elementor-widget-container\">\n\t\t\t\t\t\t\t\t\t\t\t\t\t\t\t<img decoding=\"async\" width=\"678\" height=\"113\" src=\"https:\/\/canaldedenuncias.usach.cl\/wp-content\/uploads\/2025\/05\/CNA-7-anos-3LC.png\" class=\"attachment-large size-large wp-image-346\" alt=\"\" \/>\t\t\t\t\t\t\t\t\t\t\t\t\t\t\t<\/div>\n\t\t\t\t<\/div>\n\t\t\t\t<\/div>\n\t\t<div class=\"elementor-element elementor-element-84ca8ab e-con-full e-flex e-con e-child\" data-id=\"84ca8ab\" data-element_type=\"container\">\n\t\t\t\t<div class=\"elementor-element elementor-element-ab44bbe elementor-widget elementor-widget-image\" data-id=\"ab44bbe\" data-element_type=\"widget\" data-widget_type=\"image.default\">\n\t\t\t\t<div class=\"elementor-widget-container\">\n\t\t\t\t\t\t\t\t\t\t\t\t\t\t\t<img loading=\"lazy\" decoding=\"async\" width=\"426\" height=\"251\" src=\"https:\/\/canaldedenuncias.usach.cl\/wp-content\/uploads\/2025\/05\/Artboard-2.png\" class=\"attachment-large size-large wp-image-347\" alt=\"\" \/>\t\t\t\t\t\t\t\t\t\t\t\t\t\t\t<\/div>\n\t\t\t\t<\/div>\n\t\t\t\t<div class=\"elementor-element elementor-element-b4d00db elementor-widget elementor-widget-heading\" data-id=\"b4d00db\" data-element_type=\"widget\" data-widget_type=\"heading.default\">\n\t\t\t\t<div class=\"elementor-widget-container\">\n\t\t\t\t\t<h2 class=\"elementor-heading-title elementor-size-default\">Desarrollado por <a href=\"https:\/\/citiaps.usach.cl\/\" target=\"_blank\" style=\"color: #01A99D; text-decoration: none;\">CITIAPS<\/a><\/h2>\t\t\t\t<\/div>\n\t\t\t\t<\/div>\n\t\t\t\t<\/div>\n\t\t<div class=\"elementor-element elementor-element-53ecbba e-con-full e-flex e-con e-child\" data-id=\"53ecbba\" data-element_type=\"container\">\n\t\t\t\t<div class=\"elementor-element elementor-element-e30eb5d elementor-widget elementor-widget-heading\" data-id=\"e30eb5d\" data-element_type=\"widget\" data-widget_type=\"heading.default\">\n\t\t\t\t<div class=\"elementor-widget-container\">\n\t\t\t\t\t<h2 class=\"elementor-heading-title elementor-size-default\">CONTACTO<\/h2>\t\t\t\t<\/div>\n\t\t\t\t<\/div>\n\t\t\t\t<div class=\"elementor-element elementor-element-5119560 elementor-mobile-align-center elementor-icon-list--layout-traditional elementor-list-item-link-full_width elementor-widget elementor-widget-icon-list\" data-id=\"5119560\" data-element_type=\"widget\" data-widget_type=\"icon-list.default\">\n\t\t\t\t<div class=\"elementor-widget-container\">\n\t\t\t\t\t\t\t<ul class=\"elementor-icon-list-items\">\n\t\t\t\t\t\t\t<li class=\"elementor-icon-list-item\">\n\t\t\t\t\t\t\t\t\t\t\t<span class=\"elementor-icon-list-icon\">\n\t\t\t\t\t\t\t<svg aria-hidden=\"true\" class=\"e-font-icon-svg e-fas-envelope\" viewBox=\"0 0 512 512\" xmlns=\"http:\/\/www.w3.org\/2000\/svg\"><path d=\"M502.3 190.8c3.9-3.1 9.7-.2 9.7 4.7V400c0 26.5-21.5 48-48 48H48c-26.5 0-48-21.5-48-48V195.6c0-5 5.7-7.8 9.7-4.7 22.4 17.4 52.1 39.5 154.1 113.6 21.1 15.4 56.7 47.8 92.2 47.6 35.7.3 72-32.8 92.3-47.6 102-74.1 131.6-96.3 154-113.7zM256 320c23.2.4 56.6-29.2 73.4-41.4 132.7-96.3 142.8-104.7 173.4-128.7 5.8-4.5 9.2-11.5 9.2-18.9v-19c0-26.5-21.5-48-48-48H48C21.5 64 0 85.5 0 112v19c0 7.4 3.4 14.3 9.2 18.9 30.6 23.9 40.7 32.4 173.4 128.7 16.8 12.2 50.2 41.8 73.4 41.4z\"><\/path><\/svg>\t\t\t\t\t\t<\/span>\n\t\t\t\t\t\t\t\t\t\t<span class=\"elementor-icon-list-text\">dei@usach.cl<\/span>\n\t\t\t\t\t\t\t\t\t<\/li>\n\t\t\t\t\t\t<\/ul>\n\t\t\t\t\t\t<\/div>\n\t\t\t\t<\/div>\n\t\t\t\t<\/div>\n\t\t\t\t\t<\/div>\n\t\t\t\t<\/div>\n\t\t\t\t<\/div>\n\t\t","protected":false},"excerpt":{"rendered":"<p>Acerca del Canal de Denuncias\u200b Este espacio est\u00e1 disponible para que estudiantes, funcionarios\/as, acad\u00e9micos\/as y cualquier integrante de la comunidad universitaria pueda reportar situaciones que requieran atenci\u00f3n institucional. Puedes utilizar este espacio para realizar denuncias, reclamos, sugerencias o comentarios, incluyendo temas como acoso laboral o sexual, violencia, discriminaci\u00f3n, problemas administrativos u otras situaciones que afecten&hellip;&nbsp;<a href=\"https:\/\/canaldedenuncias.usach.cl\/index.php\/acerca-de\/\" rel=\"bookmark\"><span class=\"screen-reader-text\">Acerca de<\/span><\/a><\/p>\n","protected":false},"author":1,"featured_media":0,"parent":0,"menu_order":0,"comment_status":"closed","ping_status":"closed","template":"page-templates\/template-pagebuilder-full-width.php","meta":{"neve_meta_sidebar":"full-width","neve_meta_container":"full-width","neve_meta_enable_content_width":"on","neve_meta_content_width":100,"neve_meta_title_alignment":"","neve_meta_author_avatar":"","neve_post_elements_order":"","neve_meta_disable_header":"off","neve_meta_disable_footer":"","neve_meta_disable_title":"","footnotes":""},"class_list":["post-641","page","type-page","status-publish","hentry"],"_links":{"self":[{"href":"https:\/\/canaldedenuncias.usach.cl\/index.php\/wp-json\/wp\/v2\/pages\/641","targetHints":{"allow":["GET"]}}],"collection":[{"href":"https:\/\/canaldedenuncias.usach.cl\/index.php\/wp-json\/wp\/v2\/pages"}],"about":[{"href":"https:\/\/canaldedenuncias.usach.cl\/index.php\/wp-json\/wp\/v2\/types\/page"}],"author":[{"embeddable":true,"href":"https:\/\/canaldedenuncias.usach.cl\/index.php\/wp-json\/wp\/v2\/users\/1"}],"replies":[{"embeddable":true,"href":"https:\/\/canaldedenuncias.usach.cl\/index.php\/wp-json\/wp\/v2\/comments?post=641"}],"version-history":[{"count":52,"href":"https:\/\/canaldedenuncias.usach.cl\/index.php\/wp-json\/wp\/v2\/pages\/641\/revisions"}],"predecessor-version":[{"id":1030,"href":"https:\/\/canaldedenuncias.usach.cl\/index.php\/wp-json\/wp\/v2\/pages\/641\/revisions\/1030"}],"wp:attachment":[{"href":"https:\/\/canaldedenuncias.usach.cl\/index.php\/wp-json\/wp\/v2\/media?parent=641"}],"curies":[{"name":"wp","href":"https:\/\/api.w.org\/{rel}","templated":true}]}}